{"id":11,"date":"2019-02-26T22:05:25","date_gmt":"2019-02-26T21:05:25","guid":{"rendered":"http:\/\/cocondedouceur.atypic-pp.be\/?page_id=11"},"modified":"2022-05-23T10:11:33","modified_gmt":"2022-05-23T08:11:33","slug":"home","status":"publish","type":"page","link":"https:\/\/www.cocondedouceur.be\/","title":{"rendered":"Site en construction&#8230;"},"content":{"rendered":"\n<h2 class=\"has-text-align-center has-black-color has-text-color\"><br>Pour plus d&#8217;infos, n&#8217;h\u00e9sitez pas \u00e0 consulter ma <mark style=\"background-color:rgba(0, 0, 0, 0)\" class=\"has-inline-color has-pale-pink-color\"><a href=\"https:\/\/www.facebook.com\/emilie.schellekens\">page Facebook<\/a>.<\/mark> <br>\u00c0 tr\u00e8s bient\u00f4t!<\/h2>\n\n\n\n<p><br><\/p>\n","protected":false},"excerpt":{"rendered":"<p>Pour plus d&#8217;infos, n&#8217;h\u00e9sitez pas \u00e0 consulter ma page Facebook. \u00c0 tr\u00e8s bient\u00f4t!<\/p>\n","protected":false},"author":3,"featured_media":0,"parent":0,"menu_order":0,"comment_status":"closed","ping_status":"closed","template":"page-fullwidth.php","meta":[],"_links":{"self":[{"href":"https:\/\/www.cocondedouceur.be\/index.php\/wp-json\/wp\/v2\/pages\/11"}],"collection":[{"href":"https:\/\/www.cocondedouceur.be\/index.php\/wp-json\/wp\/v2\/pages"}],"about":[{"href":"https:\/\/www.cocondedouceur.be\/index.php\/wp-json\/wp\/v2\/types\/page"}],"author":[{"embeddable":true,"href":"https:\/\/www.cocondedouceur.be\/index.php\/wp-json\/wp\/v2\/users\/3"}],"replies":[{"embeddable":true,"href":"https:\/\/www.cocondedouceur.be\/index.php\/wp-json\/wp\/v2\/comments?post=11"}],"version-history":[{"count":21,"href":"https:\/\/www.cocondedouceur.be\/index.php\/wp-json\/wp\/v2\/pages\/11\/revisions"}],"predecessor-version":[{"id":324,"href":"https:\/\/www.cocondedouceur.be\/index.php\/wp-json\/wp\/v2\/pages\/11\/revisions\/324"}],"wp:attachment":[{"href":"https:\/\/www.cocondedouceur.be\/index.php\/wp-json\/wp\/v2\/media?parent=11"}],"curies":[{"name":"wp","href":"https:\/\/api.w.org\/{rel}","templated":true}]}}